{"id":447,"date":"2020-10-27T15:00:33","date_gmt":"2020-10-27T15:00:33","guid":{"rendered":"https:\/\/bookingsibiu.ro\/?page_id=447"},"modified":"2020-10-27T15:12:44","modified_gmt":"2020-10-27T15:12:44","slug":"politica-de-utilizare-cookie-uri","status":"publish","type":"page","link":"https:\/\/bookingsibiu.ro\/en\/politica-de-utilizare-cookie-uri\/","title":{"rendered":"politica de utilizare cookie-uri"},"content":{"rendered":"<div data-elementor-type=\"wp-page\" data-elementor-id=\"447\" class=\"elementor elementor-447\" data-elementor-post-type=\"page\">\n\t\t\t\t\t\t<section class=\"elementor-section elementor-top-section elementor-element elementor-element-3dcb3a1a elementor-section-height-min-height elementor-section-boxed elementor-section-height-default elementor-section-items-middle\" data-id=\"3dcb3a1a\" data-element_type=\"section\" data-settings=\"{&quot;background_background&quot;:&quot;classic&quot;,&quot;shape_divider_bottom&quot;:&quot;arrow&quot;,&quot;shape_divider_bottom_negative&quot;:&quot;yes&quot;}\">\n\t\t\t\t\t\t\t<div class=\"elementor-background-overlay\"><\/div>\n\t\t\t\t\t\t<div class=\"elementor-shape elementor-shape-bottom\" data-negative=\"true\">\n\t\t\t<svg xmlns=\"http:\/\/www.w3.org\/2000\/svg\" viewbox=\"0 0 700 10\" preserveaspectratio=\"none\">\n\t<path class=\"elementor-shape-fill\" d=\"M360 0L350 9.9 340 0 0 0 0 10 700 10 700 0\"\/>\n<\/svg>\t\t<\/div>\n\t\t\t\t\t<div class=\"elementor-container elementor-column-gap-default\">\n\t\t\t\t\t<div class=\"elementor-column elementor-col-100 elementor-top-column elementor-element elementor-element-481a45b0\" data-id=\"481a45b0\" data-element_type=\"column\">\n\t\t\t<div class=\"elementor-widget-wrap elementor-element-populated\">\n\t\t\t\t\t\t<div class=\"elementor-element elementor-element-198b378f elementor-widget elementor-widget-heading\" data-id=\"198b378f\" data-element_type=\"widget\" data-widget_type=\"heading.default\">\n\t\t\t\t<div class=\"elementor-widget-container\">\n\t\t\t\t\t<h3 class=\"elementor-heading-title elementor-size-default\">Cookies usage policy<\/h3>\t\t\t\t<\/div>\n\t\t\t\t<\/div>\n\t\t\t\t\t<\/div>\n\t\t<\/div>\n\t\t\t\t\t<\/div>\n\t\t<\/section>\n\t\t\t\t<section class=\"elementor-section elementor-top-section elementor-element elementor-element-3c61fd95 elementor-section-content-middle elementor-reverse-mobile elementor-section-boxed elementor-section-height-default elementor-section-height-default\" data-id=\"3c61fd95\" data-element_type=\"section\">\n\t\t\t\t\t\t<div class=\"elementor-container elementor-column-gap-default\">\n\t\t\t\t\t<div class=\"elementor-column elementor-col-100 elementor-top-column elementor-element elementor-element-36c8754c\" data-id=\"36c8754c\" data-element_type=\"column\">\n\t\t\t<div class=\"elementor-widget-wrap elementor-element-populated\">\n\t\t\t\t\t\t<div class=\"elementor-element elementor-element-43f73203 elementor-widget elementor-widget-text-editor\" data-id=\"43f73203\" data-element_type=\"widget\" data-widget_type=\"text-editor.default\">\n\t\t\t\t<div class=\"elementor-widget-container\">\n\t\t\t\t\t\t\t\t\t<p>Un cookie este un fi\u015fier text care con\u0163ine mici fragmente de informa\u0163ii trimise navigatorului t\u0103u \u015fi memorate \u00een computerul, telefonul t\u0103u mobil sau alt dispozitiv, atunci c\u00e2nd vizitezi un site. Acest fi\u015fier cookie trimite informa\u0163ii \u00eenapoi c\u0103tre site ori de c\u00e2te ori \u00eel revizitezi.<\/p><p>Cookie-urile pot fi\u00a0<strong>permanente<\/strong>\u00a0(cunoscute drept cookie-uri persistente), care r\u0103m\u00e2n \u00een computerul t\u0103u p\u00e2n\u0103 c\u00e2nd le \u015ftergi, sau\u00a0<strong>temporare<\/strong>\u00a0(cunoscute drept cookie-uri pentru sesiune) care sunt valabile doar p\u00e2n\u0103 c\u00e2nd \u00eenchizi fereastra navigatorului t\u0103u. Cookie-urile pot fi ale p\u0103r\u0163ii-gazd\u0103 (first-party), care sunt configurate de site-ul pe care \u00eel vizitezi, sau ale unor p\u0103r\u0163i ter\u0163e, care sunt configurate de un site diferit de cel pe care \u00eel vizitezi.<\/p><p>Cum utilizeaza\u00a0<strong>bookingsibiu<\/strong>\u00a0cookie-urile?<\/p><p>Utiliz\u0103m cookie-urile pentru a \u00eembun\u0103t\u0103\u0163i func\u0163ionalitatea site-urilor noastre, pentru a te ajuta s\u0103 navighezi mai eficient de la o pagin\u0103 la alta, pentru a memora preferin\u0163ele tale \u015fi, \u00een general, pentru a \u00eembun\u0103t\u0103\u0163i experien\u0163a utilizatorilor. Cookie-urile pe care le folosim pe site-urile noastre pot fi din urm\u0103toarele categorii:<\/p><ul><li><strong>Cookie-uri strict necesare:<\/strong><\/li><\/ul><p>Aceste cookie-uri sunt esen\u0163iale pentru ca tu s\u0103 po\u0163i naviga pe site \u015fi s\u0103 folose\u015fti serviciile pe care le-ai solicitat, cum ar fi accesarea zonelor sigure ale site-ului.<\/p><p>Folosim acest tip de cookie-uri pentru a administra \u00eenregistrarea \u015fi autentificarea utilizatorului. F\u0103r\u0103 aceste cookie-uri, serviciile pe care le-ai solicitat nu pot fi furnizate. Aceste cookie-uri sunt ale p\u0103r\u0163ii-gazd\u0103 (first-party) \u015fi pot fi permanente sau temporare. Pe scurt, site-urile noastre nu vor func\u0163iona corespunz\u0103tor f\u0103r\u0103 aceste cookie-uri.<\/p><ul><li><strong>Cookie-uri pentru performan\u0163\u0103:<\/strong><\/li><\/ul><p>Aceste cookie-uri colecteaz\u0103 informa\u0163ii despre cum utilizeaz\u0103 vizitatorii un site, de exemplu care sunt paginile cele mai vizitate. Aceste cookie-uri nu colecteaz\u0103 informa\u0163ii care identific\u0103 vizitatori individuali. Toate informa\u0163iile colectate de aceste cookie-uri sunt cumulate \u015fi anonime.<\/p><p>Folosim aceste cookie-uri pentru a:<\/p><p>realiza statistici despre cum sunt utilizate site-urile noastre<\/p><p>m\u0103sura impactul campaniilor noastre publicitare.<\/p><p>Aceste cookie-uri pot fi permanente sau temporare, ale p\u0103r\u0163ii-gazd\u0103 sau ale unor p\u0103r\u0163i ter\u0163e. Pe scurt, aceste cookie-uri colecteaz\u0103 informa\u0163ii anonime despre paginile vizitate \u015fi reclamele vizualizate.<\/p><ul><li><strong>Cookie-uri pentru func\u0163ionalitate:<\/strong><\/li><\/ul><p>Aceste cookie-uri permit unui site s\u0103 memoreze lucrurile alese de tine (cum ar fi numele de utilizator, limba sau \u0163ara \u00een care te afli) \u015fi ofer\u0103 op\u0163iuni \u00eembun\u0103t\u0103\u0163ite, mai personale. Aceste cookie-uri pot fi de asemenea utilizate pentru a furniza servicii pe care le-ai solicitat, cum ar fi vizionarea unui videoclip sau comentariul pe un blog. Informa\u0163iile utilizate de aceste cookie-uri sunt anonimizate \u015fi ele nu pot \u00eenregistra activit\u0103\u0163ile tale de navigare pe alte site-uri.<\/p><p>Folosim aceste cookie-uri pentru a:<\/p><ul><li>memora dac\u0103 ai beneficiat deja de un anumit serviciu<\/li><li>\u00eembun\u0103t\u0103\u0163i experien\u0163a \u00een general pe tot site-ul, memor\u00e2nd preferin\u0163ele tale.<\/li><\/ul><ul><li><strong>Cookie-uri pentru publicitate:<\/strong><\/li><\/ul><p>Aceste cookie-uri sunt utilizate pentru a limita de c\u00e2te ori vezi o reclam\u0103, precum \u015fi pentru a m\u0103sura impactul campaniilor publicitare.<\/p><p>Cookie-urile pentru publicitate sunt folosite pentru a gestiona publicitatea pe tot site-ul.<\/p><p>Cookie-urile pentru publicitate sunt plasate de ter\u0163e p\u0103r\u0163i, cum ar fi companiile de publicitate \u015fi agen\u0163ii lor, \u015fi pot fi cookie-uri permanente sau temporare. Pe scurt, ele sunt legate de serviciile de publicitate furnizate pe site-ul nostru de ter\u0163e p\u0103r\u0163i.<\/p><ul><li><strong>Cookie-uri pentru sociale:<\/strong><\/li><\/ul><p>\u2013 aceste cookies sunt folosite de retelele de socializare (Facebook, Twitter, Google+, YouTube, Instagram, Pinterest, etc) si permit distribuirea continutului de pe www.bookingsibiu.ro pe respectivele retele.\u00a0<strong>bookingsibiu<\/strong>.ro nu controleaza aceste cookies, deci, pentru mai multe informatii despre cum functioneaza, te rugam sa verifici paginile retelelor de socializare.<\/p><p>Cum s\u0103 administrezi &amp; \u015ftergi cookie-uri<\/p><p>Dac\u0103 vrei s\u0103 impui restric\u0163ii, s\u0103 blochezi sau s\u0103 \u015ftergi fi\u015fiere cookie, po\u0163i s-o faci modific\u00e2nd set\u0103rile navigatorului t\u0103u de web. Utilizarea\u00a0www.bookingsibiu.ro\u00a0f\u0103r\u0103 respingerea cookie-urilor sau a tehnologiilor similare denot\u0103 consim\u0163\u0103m\u00e2ntul vizitatorilor pentru utilizarea de c\u0103tre noi a unor astfel de tehnologii \u015fi pentru prelucrarea informa\u0163iilor.<\/p>\t\t\t\t\t\t\t\t<\/div>\n\t\t\t\t<\/div>\n\t\t\t\t\t<\/div>\n\t\t<\/div>\n\t\t\t\t\t<\/div>\n\t\t<\/section>\n\t\t\t\t<\/div>","protected":false},"excerpt":{"rendered":"<p>Politica de utilizare cookie-uri Un cookie este un fi\u015fier text care con\u0163ine mici fragmente de informa\u0163ii trimise navigatorului t\u0103u \u015fi memorate \u00een computerul, telefonul t\u0103u mobil sau alt dispozitiv, atunci c\u00e2nd vizitezi un site. Acest fi\u015fier cookie trimite informa\u0163ii \u00eenapoi c\u0103tre site ori de c\u00e2te ori \u00eel revizitezi. Cookie-urile pot fi\u00a0permanente\u00a0(cunoscute drept cookie-uri persistente), care [&hellip;]<\/p>","protected":false},"author":1,"featured_media":0,"parent":0,"menu_order":0,"comment_status":"closed","ping_status":"closed","template":"elementor_header_footer","meta":{"_monsterinsights_skip_tracking":false,"_monsterinsights_sitenote_active":false,"_monsterinsights_sitenote_note":"","_monsterinsights_sitenote_category":0,"footnotes":""},"class_list":["post-447","page","type-page","status-publish","hentry"],"yoast_head":"<!-- This site is optimized with the Yoast SEO plugin v24.6 - https:\/\/yoast.com\/wordpress\/plugins\/seo\/ -->\n<title>politica de utilizare cookie-uri - BookingSibiu<\/title>\n<meta name=\"robots\" content=\"index, follow, max-snippet:-1, max-image-preview:large, max-video-preview:-1\" \/>\n<link rel=\"canonical\" href=\"https:\/\/bookingsibiu.ro\/en\/politica-de-utilizare-cookie-uri\/\" \/>\n<meta property=\"og:locale\" content=\"en_GB\" \/>\n<meta property=\"og:type\" content=\"article\" \/>\n<meta property=\"og:title\" content=\"politica de utilizare cookie-uri - BookingSibiu\" \/>\n<meta property=\"og:description\" content=\"Politica de utilizare cookie-uri Un cookie este un fi\u015fier text care con\u0163ine mici fragmente de informa\u0163ii trimise navigatorului t\u0103u \u015fi memorate \u00een computerul, telefonul t\u0103u mobil sau alt dispozitiv, atunci c\u00e2nd vizitezi un site. Acest fi\u015fier cookie trimite informa\u0163ii \u00eenapoi c\u0103tre site ori de c\u00e2te ori \u00eel revizitezi. Cookie-urile pot fi\u00a0permanente\u00a0(cunoscute drept cookie-uri persistente), care [&hellip;]\" \/>\n<meta property=\"og:url\" content=\"https:\/\/bookingsibiu.ro\/en\/politica-de-utilizare-cookie-uri\/\" \/>\n<meta property=\"og:site_name\" content=\"BookingSibiu\" \/>\n<meta property=\"article:modified_time\" content=\"2020-10-27T15:12:44+00:00\" \/>\n<meta property=\"og:image\" content=\"https:\/\/bookingsibiu.ro\/wp-content\/uploads\/2020\/10\/Pensiune-Aleea-Tizian-7-53-of-216-scaled.jpg\" \/>\n\t<meta property=\"og:image:width\" content=\"2560\" \/>\n\t<meta property=\"og:image:height\" content=\"1707\" \/>\n\t<meta property=\"og:image:type\" content=\"image\/jpeg\" \/>\n<meta name=\"twitter:card\" content=\"summary_large_image\" \/>\n<meta name=\"twitter:label1\" content=\"Estimated reading time\" \/>\n\t<meta name=\"twitter:data1\" content=\"3 minutes\" \/>\n<script type=\"application\/ld+json\" class=\"yoast-schema-graph\">{\"@context\":\"https:\/\/schema.org\",\"@graph\":[{\"@type\":\"WebPage\",\"@id\":\"https:\/\/bookingsibiu.ro\/politica-de-utilizare-cookie-uri\/\",\"url\":\"https:\/\/bookingsibiu.ro\/politica-de-utilizare-cookie-uri\/\",\"name\":\"politica de utilizare cookie-uri - BookingSibiu\",\"isPartOf\":{\"@id\":\"https:\/\/bookingsibiu.ro\/#website\"},\"datePublished\":\"2020-10-27T15:00:33+00:00\",\"dateModified\":\"2020-10-27T15:12:44+00:00\",\"breadcrumb\":{\"@id\":\"https:\/\/bookingsibiu.ro\/politica-de-utilizare-cookie-uri\/#breadcrumb\"},\"inLanguage\":\"en-GB\",\"potentialAction\":[{\"@type\":\"ReadAction\",\"target\":[\"https:\/\/bookingsibiu.ro\/politica-de-utilizare-cookie-uri\/\"]}]},{\"@type\":\"BreadcrumbList\",\"@id\":\"https:\/\/bookingsibiu.ro\/politica-de-utilizare-cookie-uri\/#breadcrumb\",\"itemListElement\":[{\"@type\":\"ListItem\",\"position\":1,\"name\":\"Home\",\"item\":\"https:\/\/bookingsibiu.ro\/\"},{\"@type\":\"ListItem\",\"position\":2,\"name\":\"politica de utilizare cookie-uri\"}]},{\"@type\":\"WebSite\",\"@id\":\"https:\/\/bookingsibiu.ro\/#website\",\"url\":\"https:\/\/bookingsibiu.ro\/\",\"name\":\"BookingSibiu\",\"description\":\"Apartaments for rent\",\"potentialAction\":[{\"@type\":\"SearchAction\",\"target\":{\"@type\":\"EntryPoint\",\"urlTemplate\":\"https:\/\/bookingsibiu.ro\/?s={search_term_string}\"},\"query-input\":{\"@type\":\"PropertyValueSpecification\",\"valueRequired\":true,\"valueName\":\"search_term_string\"}}],\"inLanguage\":\"en-GB\"}]}<\/script>\n<!-- \/ Yoast SEO plugin. -->","yoast_head_json":{"title":"politica de utilizare cookie-uri - BookingSibiu","robots":{"index":"index","follow":"follow","max-snippet":"max-snippet:-1","max-image-preview":"max-image-preview:large","max-video-preview":"max-video-preview:-1"},"canonical":"https:\/\/bookingsibiu.ro\/en\/politica-de-utilizare-cookie-uri\/","og_locale":"en_GB","og_type":"article","og_title":"politica de utilizare cookie-uri - BookingSibiu","og_description":"Politica de utilizare cookie-uri Un cookie este un fi\u015fier text care con\u0163ine mici fragmente de informa\u0163ii trimise navigatorului t\u0103u \u015fi memorate \u00een computerul, telefonul t\u0103u mobil sau alt dispozitiv, atunci c\u00e2nd vizitezi un site. Acest fi\u015fier cookie trimite informa\u0163ii \u00eenapoi c\u0103tre site ori de c\u00e2te ori \u00eel revizitezi. Cookie-urile pot fi\u00a0permanente\u00a0(cunoscute drept cookie-uri persistente), care [&hellip;]","og_url":"https:\/\/bookingsibiu.ro\/en\/politica-de-utilizare-cookie-uri\/","og_site_name":"BookingSibiu","article_modified_time":"2020-10-27T15:12:44+00:00","og_image":[{"width":2560,"height":1707,"url":"https:\/\/bookingsibiu.ro\/wp-content\/uploads\/2020\/10\/Pensiune-Aleea-Tizian-7-53-of-216-scaled.jpg","type":"image\/jpeg"}],"twitter_card":"summary_large_image","twitter_misc":{"Estimated reading time":"3 minutes"},"schema":{"@context":"https:\/\/schema.org","@graph":[{"@type":"WebPage","@id":"https:\/\/bookingsibiu.ro\/politica-de-utilizare-cookie-uri\/","url":"https:\/\/bookingsibiu.ro\/politica-de-utilizare-cookie-uri\/","name":"politica de utilizare cookie-uri - BookingSibiu","isPartOf":{"@id":"https:\/\/bookingsibiu.ro\/#website"},"datePublished":"2020-10-27T15:00:33+00:00","dateModified":"2020-10-27T15:12:44+00:00","breadcrumb":{"@id":"https:\/\/bookingsibiu.ro\/politica-de-utilizare-cookie-uri\/#breadcrumb"},"inLanguage":"en-GB","potentialAction":[{"@type":"ReadAction","target":["https:\/\/bookingsibiu.ro\/politica-de-utilizare-cookie-uri\/"]}]},{"@type":"BreadcrumbList","@id":"https:\/\/bookingsibiu.ro\/politica-de-utilizare-cookie-uri\/#breadcrumb","itemListElement":[{"@type":"ListItem","position":1,"name":"Home","item":"https:\/\/bookingsibiu.ro\/"},{"@type":"ListItem","position":2,"name":"politica de utilizare cookie-uri"}]},{"@type":"WebSite","@id":"https:\/\/bookingsibiu.ro\/#website","url":"https:\/\/bookingsibiu.ro\/","name":"BookingSibiu","description":"Apartaments for rent","potentialAction":[{"@type":"SearchAction","target":{"@type":"EntryPoint","urlTemplate":"https:\/\/bookingsibiu.ro\/?s={search_term_string}"},"query-input":{"@type":"PropertyValueSpecification","valueRequired":true,"valueName":"search_term_string"}}],"inLanguage":"en-GB"}]}},"_links":{"self":[{"href":"https:\/\/bookingsibiu.ro\/en\/wp-json\/wp\/v2\/pages\/447"}],"collection":[{"href":"https:\/\/bookingsibiu.ro\/en\/wp-json\/wp\/v2\/pages"}],"about":[{"href":"https:\/\/bookingsibiu.ro\/en\/wp-json\/wp\/v2\/types\/page"}],"author":[{"embeddable":true,"href":"https:\/\/bookingsibiu.ro\/en\/wp-json\/wp\/v2\/users\/1"}],"replies":[{"embeddable":true,"href":"https:\/\/bookingsibiu.ro\/en\/wp-json\/wp\/v2\/comments?post=447"}],"version-history":[{"count":4,"href":"https:\/\/bookingsibiu.ro\/en\/wp-json\/wp\/v2\/pages\/447\/revisions"}],"predecessor-version":[{"id":451,"href":"https:\/\/bookingsibiu.ro\/en\/wp-json\/wp\/v2\/pages\/447\/revisions\/451"}],"wp:attachment":[{"href":"https:\/\/bookingsibiu.ro\/en\/wp-json\/wp\/v2\/media?parent=447"}],"curies":[{"name":"wp","href":"https:\/\/api.w.org\/{rel}","templated":true}]}}